{"id":2,"date":"2021-06-03T08:41:59","date_gmt":"2021-06-03T08:41:59","guid":{"rendered":"https:\/\/wawasperu.com\/?page_id=2"},"modified":"2021-11-30T15:09:48","modified_gmt":"2021-11-30T20:09:48","slug":"aviso-legal","status":"publish","type":"page","link":"https:\/\/wawasperu.com\/en\/aviso-legal\/","title":{"rendered":"Aviso Legal"},"content":{"rendered":"\t\t<div data-elementor-type=\"wp-page\" data-elementor-id=\"2\" class=\"elementor elementor-2\" data-elementor-settings=\"[]\">\n\t\t\t\t\t\t\t<div class=\"elementor-section-wrap\">\n\t\t\t\t\t\t\t<section class=\"elementor-section elementor-top-section elementor-element elementor-element-4f8807bc elementor-section-boxed elementor-section-height-default elementor-section-height-default\" data-id=\"4f8807bc\" data-element_type=\"section\">\r\n\t\t\t\r\n\t\t\t\t\t\t\t\t\t<div class=\"elementor-container elementor-column-gap-default\">\r\n\t\t\t\t\t\t\t\t\t\t\t<div class=\"elementor-column elementor-col-100 elementor-top-column elementor-element elementor-element-76eda48d\" data-id=\"76eda48d\" data-element_type=\"column\">\r\n\r\n\t\t\t\t\t<div class=\"elementor-widget-wrap elementor-element-populated\">\r\n\t\t\t\t\t\t\t\t<div class=\"elementor-element elementor-element-86f7585 elementor-widget elementor-widget-heading\" data-id=\"86f7585\" data-element_type=\"widget\" data-widget_type=\"heading.default\">\n\t\t\t\t<div class=\"elementor-widget-container\">\n\t\t\t<h2 class=\"elementor-heading-title elementor-size-default\">Aviso Legal<\/h2>\t\t<\/div>\n\t\t\t\t<\/div>\n\t\t\t\t<div class=\"elementor-element elementor-element-430421a9 elementor-widget elementor-widget-text-editor\" data-id=\"430421a9\" data-element_type=\"widget\" data-widget_type=\"text-editor.default\">\n\t\t\t\t<div class=\"elementor-widget-container\">\n\t\t\t\t\t\t\t<!-- wp:paragraph -->\n<p>Lea cuidadosamente este documento. El mismo se constituye como el Aviso Legal <span class=\"il\">y<\/span>\u00a0las\u00a0<span class=\"il\">Condiciones<\/span> de Uso que regulan el acceso, navegaci\u00f3n <span class=\"il\">y<\/span> uso de la web de WAWAS PER\u00da ubicada en la URL <a href=\"http:\/\/www.wawasperu.com\/\" target=\"_blank\" rel=\"noopener\" data-saferedirecturl=\"https:\/\/www.google.com\/url?q=http:\/\/www.wawasperu.com&amp;source=gmail&amp;ust=1638379470317000&amp;usg=AOvVaw0B4306pAHhfzIUOQAUR7dF\">www.wawasperu.com<\/a> (en adelante, el \u201cSitio Web\u201d). El acceso, navegaci\u00f3n <span class=\"il\">y<\/span> utilizaci\u00f3n de este sitio web implica por su parte la aceptaci\u00f3n expresa <span class=\"il\">y<\/span>\u00a0sin reservas de todos los\u00a0<span class=\"il\">t\u00e9rminos<\/span>\u00a0<span class=\"il\">y<\/span>\u00a0<span class=\"il\">condiciones<\/span>, teniendo la misma validez <span class=\"il\">y<\/span> eficacia que cualquier contrato celebrado por escrito y firmado.<\/p>\n<p>Su observancia\u00a0<span class=\"il\">y<\/span> cumplimiento ser\u00e1 exigible respecto de cualquier persona que acceda, navegue o utilice el sitio web. Si usted no est\u00e1 de acuerdo con los <span class=\"il\">t\u00e9rminos<\/span>\u00a0expuestos, no acceda, navegue o utilice el Sitio Web.<\/p>\n<!-- \/wp:paragraph -->\t\t\t\t\t\t<\/div>\n\t\t\t\t<\/div>\n\t\t\t\t<div class=\"elementor-element elementor-element-e69c37f elementor-widget elementor-widget-heading\" data-id=\"e69c37f\" data-element_type=\"widget\" data-widget_type=\"heading.default\">\n\t\t\t\t<div class=\"elementor-widget-container\">\n\t\t\t<h2 class=\"elementor-heading-title elementor-size-default\">Datos de la Empresa<\/h2>\t\t<\/div>\n\t\t\t\t<\/div>\n\t\t\t\t<div class=\"elementor-element elementor-element-9ae790b elementor-widget elementor-widget-text-editor\" data-id=\"9ae790b\" data-element_type=\"widget\" data-widget_type=\"text-editor.default\">\n\t\t\t\t<div class=\"elementor-widget-container\">\n\t\t\t\t\t\t\t<!-- wp:paragraph -->\n<p>WAWASPERU es una marca registrada en PERU,\u00a0<span class=\"il\">y<\/span>\u00a0est\u00e1 licenciada a la empresa SIMONSON SAC para administrar\u00a0 todas las ventas a distribuidores,retailers\u00a0<span class=\"il\">y<\/span>\u00a0mayoristas.\u00a0<\/p>\n<p>SIMONSON SAC est\u00e1 domiciliada en Av Benavides 3561 int 2 Santiago de Surco, Lima, Per\u00fa . La empresa\u00a0 fue constituida por Escritura P\u00fablica e inscrita en el Registro de Personas Jur\u00eddicas de los Registros P\u00fablicos de Lima, en la Partida N\u00b0 14477260.<\/p>\n<p>Las ventas al por mayor o &#8221; A PEDIDO&#8221; hechas a trav\u00e9s de la p\u00e1gina web,\u00a0 ser\u00e1n atendidas, despachadas\u00a0<span class=\"il\">y<\/span> facturadas por la empresa SIMONSON SAC.\u00a0 Esto incluye la\u00a0venta local en Per\u00fa o exportaci\u00f3n,<\/p>\n<p>Por otro lado, todas las compras personales hechas a trav\u00e9s de la p\u00e1gina web en Per\u00fa,\u00a0ser\u00e1n atendidas despachadas\u00a0<span class=\"il\">y<\/span>\u00a0facturadas por la due\u00f1a de la marca.\u00a0Seg\u00fan normas tributarias peruanas se entregar\u00e1\u00a0 boleta de venta como comprobante de pago peruano a los consumidores finales, los cuales incluyen los impuestos de Per\u00fa. En caso de ser compras de otros pa\u00edses se emitir\u00e1 el comprobante que corresponda a las leyes peruanas para su exportaci\u00f3n.\u00a0<\/p>\n<p>Para comunicarse con \u00ab<a href=\"http:\/\/wawasperu.com\/\" target=\"_blank\" rel=\"noopener\" data-saferedirecturl=\"https:\/\/www.google.com\/url?q=http:\/\/wawasperu.com&amp;source=gmail&amp;ust=1638379470317000&amp;usg=AOvVaw1fBssaVWxGJw13-8CSf0UR\">wawasperu.com<\/a>\u00bb, de manera directa\u00a0<span class=\"il\">y<\/span>\u00a0efectiva, podr\u00e1 dirigirse a la direcci\u00f3n de correo electr\u00f3nico\u00a0<a href=\"mailto:ledda@simonsonsac.com\" target=\"_blank\" rel=\"noopener\">ledda@simonsonsac.com<\/a><\/p>\n<!-- \/wp:paragraph -->\t\t\t\t\t\t<\/div>\n\t\t\t\t<\/div>\n\t\t\t\t<div class=\"elementor-element elementor-element-441f98c elementor-widget elementor-widget-heading\" data-id=\"441f98c\" data-element_type=\"widget\" data-widget_type=\"heading.default\">\n\t\t\t\t<div class=\"elementor-widget-container\">\n\t\t\t<h2 class=\"elementor-heading-title elementor-size-default\">Cla\u00fasula de Derechos del Autor y Derechos de Propiedad Iindustrial:\n<\/h2>\t\t<\/div>\n\t\t\t\t<\/div>\n\t\t\t\t<div class=\"elementor-element elementor-element-b3a657b elementor-widget elementor-widget-text-editor\" data-id=\"b3a657b\" data-element_type=\"widget\" data-widget_type=\"text-editor.default\">\n\t\t\t\t<div class=\"elementor-widget-container\">\n\t\t\t\t\t\t\t<!-- wp:paragraph -->\n<p>El contenido del sitio web se encuentra sujeto a una cl\u00e1usula de derechos de autor, no estando permitida la reproducci\u00f3n de los mismos, salvo autorizaci\u00f3n previa de la titular \u00abwawasperu\u00bb.<\/p>\n<!-- \/wp:paragraph -->\t\t\t\t\t\t<\/div>\n\t\t\t\t<\/div>\n\t\t\t\t<div class=\"elementor-element elementor-element-f1b0c83 elementor-widget elementor-widget-heading\" data-id=\"f1b0c83\" data-element_type=\"widget\" data-widget_type=\"heading.default\">\n\t\t\t\t<div class=\"elementor-widget-container\">\n\t\t\t<h2 class=\"elementor-heading-title elementor-size-default\">Licencia sobre las Comunicaciones:<\/h2>\t\t<\/div>\n\t\t\t\t<\/div>\n\t\t\t\t<div class=\"elementor-element elementor-element-6dd3e1f elementor-widget elementor-widget-text-editor\" data-id=\"6dd3e1f\" data-element_type=\"widget\" data-widget_type=\"text-editor.default\">\n\t\t\t\t<div class=\"elementor-widget-container\">\n\t\t\t\t\t\t\t<!-- wp:paragraph -->\n<p>En el caso de que el Usuario env\u00ede informaci\u00f3n de cualquier tipo a \u00abwawasperu\u00bb a trav\u00e9s del Sitio Web, mediante los canales dispuestos a tal fin en el propio Sitio Web, el Usuario declara, garantiza\u00a0<span class=\"il\">y<\/span>\u00a0acepta que tiene derecho a hacerlo libremente, que dicha informaci\u00f3n no infringe ning\u00fan derecho de propiedad intelectual, de marca, de patente, secreto comercial, o cualquier otro derecho de tercero, que dicha informaci\u00f3n no tiene car\u00e1cter confidencial\u00a0<span class=\"il\">y<\/span>\u00a0que dicha informaci\u00f3n no es perjudicial para terceros.<\/p>\n<p>El Usuario reconoce asumir la responsabilidad\u00a0<span class=\"il\">y<\/span>\u00a0dejar\u00e1 indemne a \u00abwawasperu\u00bb por cualquier comunicaci\u00f3n que suministre personalmente o a su nombre, alcanzando dicha responsabilidad sin restricci\u00f3n alguna la exactitud, legalidad, originalidad\u00a0<span class=\"il\">y<\/span>\u00a0titularidad de la misma.<\/p>\n<p>*Cualquier duda o consulta comun\u00edquese con nosotros al correo electronico\u00a0<a href=\"mailto:venas@wawasperu.com\" target=\"_blank\" rel=\"noopener\">ventas@wawasperu.<wbr \/>com<\/a>\u00a0o\u00a0<a href=\"mailto:ledda@simonsonsac.com\" target=\"_blank\" rel=\"noopener\">ledda@simonsonsac.com<\/a><\/p>\n<!-- \/wp:paragraph -->\t\t\t\t\t\t<\/div>\n\t\t\t\t<\/div>\n\t\t\t\t\t<\/div>\r\n\t\t\t\t<\/div>\r\n\t\t\t\t\t\t<\/div>\r\n\t\t\t\t<\/section>\r\n\t\t\t\t\t\t<\/div>\n\t\t\t\t\t<\/div>\n\t\t","protected":false},"excerpt":{"rendered":"<p>Aviso Legal Lea cuidadosamente este documento. El mismo se constituye como el Aviso Legal y\u00a0las\u00a0Condiciones de Uso que regulan el acceso, navegaci\u00f3n y uso de la web de WAWAS PER\u00da ubicada en la URL www.wawasperu.com (en adelante, el \u201cSitio Web\u201d). El acceso, navegaci\u00f3n y utilizaci\u00f3n de este sitio web implica por su parte la aceptaci\u00f3n [&hellip;]<\/p>\n","protected":false},"author":1,"featured_media":0,"parent":0,"menu_order":0,"comment_status":"closed","ping_status":"open","template":"","meta":{"footnotes":""},"class_list":["post-2","page","type-page","status-publish","hentry"],"_links":{"self":[{"href":"https:\/\/wawasperu.com\/en\/wp-json\/wp\/v2\/pages\/2","targetHints":{"allow":["GET"]}}],"collection":[{"href":"https:\/\/wawasperu.com\/en\/wp-json\/wp\/v2\/pages"}],"about":[{"href":"https:\/\/wawasperu.com\/en\/wp-json\/wp\/v2\/types\/page"}],"author":[{"embeddable":true,"href":"https:\/\/wawasperu.com\/en\/wp-json\/wp\/v2\/users\/1"}],"replies":[{"embeddable":true,"href":"https:\/\/wawasperu.com\/en\/wp-json\/wp\/v2\/comments?post=2"}],"version-history":[{"count":7,"href":"https:\/\/wawasperu.com\/en\/wp-json\/wp\/v2\/pages\/2\/revisions"}],"predecessor-version":[{"id":5388,"href":"https:\/\/wawasperu.com\/en\/wp-json\/wp\/v2\/pages\/2\/revisions\/5388"}],"wp:attachment":[{"href":"https:\/\/wawasperu.com\/en\/wp-json\/wp\/v2\/media?parent=2"}],"curies":[{"name":"wp","href":"https:\/\/api.w.org\/{rel}","templated":true}]}}